{"id":4612,"date":"2014-10-23T15:56:34","date_gmt":"2014-10-23T13:56:34","guid":{"rendered":"http:\/\/www.sc-gerthe-46werne.de\/?page_id=4612"},"modified":"2016-10-16T12:57:06","modified_gmt":"2016-10-16T10:57:06","slug":"blitzjahreswertung","status":"publish","type":"page","link":"https:\/\/www.sc-gerthe-46werne.de\/?page_id=4612","title":{"rendered":"Blitzjahreswertung 2014\/15"},"content":{"rendered":"<p><strong><span style=\"font-size:16px;\">Saison 14\/15 &#8211; Jahrespunktestand<\/span><\/strong><span style=\"font-size:16px;\"> (<a href=\"https:\/\/www.sc-gerthe-46werne.de\/Jugend\/2014_15\/BlitzGesamtJugend1415.pdf\">hier als PDF-Datei<\/a>)<\/span><\/p>\n<p><strong>\n<table id=\"tablepress-47\" class=\"tablepress tablepress-id-47 tbody-has-connected-cells\">\n<thead>\n<tr class=\"row-1\">\n\t<th colspan=\"19\" class=\"column-1\">Blitzmeisterschaft Gruppe A \/ Gruppe B<\/th>\n<\/tr>\n<\/thead>\n<tbody class=\"row-striping\">\n<tr class=\"row-2\">\n\t<td class=\"column-1\"><\/td><td class=\"column-2\"><\/td><td class=\"column-3\"><\/td><td class=\"column-4\"><\/td><td class=\"column-5\"><\/td><td class=\"column-6\"><\/td><td class=\"column-7\"><\/td><td class=\"column-8\"><\/td><td class=\"column-9\"><\/td><td class=\"column-10\"><\/td><td class=\"column-11\"><\/td><td class=\"column-12\"><\/td><td class=\"column-13\"><\/td><td class=\"column-14\"><\/td><td class=\"column-15\"><\/td><td class=\"column-16\"><\/td><td class=\"column-17\"><\/td><td class=\"column-18\"><\/td><td class=\"column-19\"><\/td>\n<\/tr>\n<tr class=\"row-3\">\n\t<td class=\"column-1\">Nr.<\/td><td class=\"column-2\">Name<\/td><td class=\"column-3\">Sep 14<\/td><td class=\"column-4\">Okt 14<\/td><td class=\"column-5\">Nov 14<\/td><td class=\"column-6\">Dez 14<\/td><td class=\"column-7\">Jan 15<\/td><td class=\"column-8\">Feb 15<\/td><td class=\"column-9\">Mrz 15<\/td><td class=\"column-10\">Apr 15<\/td><td class=\"column-11\">Mai 15<\/td><td class=\"column-12\">Jun 15<\/td><td class=\"column-13\">Aug 15<\/td><td class=\"column-14\">Sep 15<\/td><td class=\"column-15\">Okt 15<\/td><td class=\"column-16\">Nov 15<\/td><td class=\"column-17\">Dez 15<\/td><td class=\"column-18\">Gesamt<\/td><td class=\"column-19\">Platz<\/td>\n<\/tr>\n<tr class=\"row-4\">\n\t<td class=\"column-1\">1<\/td><td class=\"column-2\">Yannis<\/td><td class=\"column-3\"><\/td><td class=\"column-4\">3<\/td><td class=\"column-5\">6<\/td><td class=\"column-6\">5<\/td><td class=\"column-7\">3,5<\/td><td class=\"column-8\">3,5<\/td><td class=\"column-9\">5<\/td><td class=\"column-10\">3,5<\/td><td class=\"column-11\">5,5<\/td><td class=\"column-12\">4<\/td><td class=\"column-13\"><\/td><td class=\"column-14\">3,5<\/td><td class=\"column-15\">3,5<\/td><td class=\"column-16\">1<\/td><td class=\"column-17\">1<\/td><td class=\"column-18\">48<\/td><td class=\"column-19\">1<\/td>\n<\/tr>\n<tr class=\"row-5\">\n\t<td class=\"column-1\">2<\/td><td class=\"column-2\">Christin<\/td><td class=\"column-3\">1<\/td><td class=\"column-4\">2,5<\/td><td class=\"column-5\">2<\/td><td class=\"column-6\">3<\/td><td class=\"column-7\">5,5<\/td><td class=\"column-8\">1,5<\/td><td class=\"column-9\">5<\/td><td class=\"column-10\">5,5<\/td><td class=\"column-11\">3,5<\/td><td class=\"column-12\">1<\/td><td class=\"column-13\">1<\/td><td class=\"column-14\">5,5<\/td><td class=\"column-15\">1,5<\/td><td class=\"column-16\"><\/td><td class=\"column-17\">1<\/td><td class=\"column-18\">39,5<\/td><td class=\"column-19\">2<\/td>\n<\/tr>\n<tr class=\"row-6\">\n\t<td class=\"column-1\">3<\/td><td class=\"column-2\">Robin<\/td><td class=\"column-3\"><\/td><td class=\"column-4\">4,5<\/td><td class=\"column-5\">2<\/td><td class=\"column-6\">2<\/td><td class=\"column-7\">1<\/td><td class=\"column-8\"><\/td><td class=\"column-9\">1<\/td><td class=\"column-10\">1<\/td><td class=\"column-11\">1<\/td><td class=\"column-12\"><\/td><td class=\"column-13\"><\/td><td class=\"column-14\">1<\/td><td class=\"column-15\"><\/td><td class=\"column-16\"><\/td><td class=\"column-17\"><\/td><td class=\"column-18\">13,5<\/td><td class=\"column-19\">3<\/td>\n<\/tr>\n<tr class=\"row-7\">\n\t<td class=\"column-1\"><\/td><td class=\"column-2\"><\/td><td class=\"column-3\"><\/td><td class=\"column-4\"><\/td><td class=\"column-5\"><\/td><td class=\"column-6\"><\/td><td class=\"column-7\"><\/td><td class=\"column-8\"><\/td><td class=\"column-9\"><\/td><td class=\"column-10\"><\/td><td class=\"column-11\"><\/td><td class=\"column-12\"><\/td><td class=\"column-13\"><\/td><td class=\"column-14\"><\/td><td class=\"column-15\"><\/td><td class=\"column-16\"><\/td><td class=\"column-17\"><\/td><td class=\"column-18\"><\/td><td class=\"column-19\"><\/td>\n<\/tr>\n<tr class=\"row-8\">\n\t<td class=\"column-1\">Nr.<\/td><td class=\"column-2\">Name<\/td><td class=\"column-3\">Sep 14<\/td><td class=\"column-4\">Okt 14<\/td><td class=\"column-5\">Nov 14<\/td><td class=\"column-6\">Dez 14<\/td><td class=\"column-7\">Jan 15<\/td><td class=\"column-8\">Feb 15<\/td><td class=\"column-9\">Mrz 15<\/td><td class=\"column-10\">Apr 15<\/td><td class=\"column-11\">Mai 15<\/td><td class=\"column-12\">Jun 15<\/td><td class=\"column-13\">Aug 15<\/td><td class=\"column-14\">Sep 15<\/td><td class=\"column-15\">Okt 15<\/td><td class=\"column-16\">Nov 15<\/td><td class=\"column-17\">Dez 15<\/td><td class=\"column-18\">Gesamt<\/td><td class=\"column-19\">Platz<\/td>\n<\/tr>\n<tr class=\"row-9\">\n\t<td class=\"column-1\">1<\/td><td class=\"column-2\">Lorenz<\/td><td class=\"column-3\">3<\/td><td class=\"column-4\">6<\/td><td class=\"column-5\">2<\/td><td class=\"column-6\"><\/td><td class=\"column-7\">6<\/td><td class=\"column-8\">11<\/td><td class=\"column-9\">4,5<\/td><td class=\"column-10\">3<\/td><td class=\"column-11\">7<\/td><td class=\"column-12\">4<\/td><td class=\"column-13\">4,5<\/td><td class=\"column-14\">4<\/td><td class=\"column-15\">3<\/td><td class=\"column-16\">7,5<\/td><td class=\"column-17\">7<\/td><td class=\"column-18\">72,5<\/td><td class=\"column-19\">1<\/td>\n<\/tr>\n<tr class=\"row-10\">\n\t<td class=\"column-1\">2<\/td><td class=\"column-2\">Mika<\/td><td class=\"column-3\">3<\/td><td class=\"column-4\">6<\/td><td class=\"column-5\">5<\/td><td class=\"column-6\">6<\/td><td class=\"column-7\">6<\/td><td class=\"column-8\">8<\/td><td class=\"column-9\">7<\/td><td class=\"column-10\">7<\/td><td class=\"column-11\">3<\/td><td class=\"column-12\"><\/td><td class=\"column-13\">6,5<\/td><td class=\"column-14\">6<\/td><td class=\"column-15\"><\/td><td class=\"column-16\"><\/td><td class=\"column-17\">5<\/td><td class=\"column-18\">68,5<\/td><td class=\"column-19\">2<\/td>\n<\/tr>\n<tr class=\"row-11\">\n\t<td class=\"column-1\">3<\/td><td class=\"column-2\">Jannik<\/td><td class=\"column-3\">4<\/td><td class=\"column-4\"><\/td><td class=\"column-5\"><\/td><td class=\"column-6\">3<\/td><td class=\"column-7\">4<\/td><td class=\"column-8\">6<\/td><td class=\"column-9\">2,5<\/td><td class=\"column-10\">5<\/td><td class=\"column-11\">4<\/td><td class=\"column-12\">1<\/td><td class=\"column-13\">3<\/td><td class=\"column-14\">4<\/td><td class=\"column-15\">3<\/td><td class=\"column-16\">3,5<\/td><td class=\"column-17\">4<\/td><td class=\"column-18\">47<\/td><td class=\"column-19\">3<\/td>\n<\/tr>\n<tr class=\"row-12\">\n\t<td class=\"column-1\">4<\/td><td class=\"column-2\">Julius<\/td><td class=\"column-3\"><\/td><td class=\"column-4\">3<\/td><td class=\"column-5\">3<\/td><td class=\"column-6\">1<\/td><td class=\"column-7\">4<\/td><td class=\"column-8\">3<\/td><td class=\"column-9\">3<\/td><td class=\"column-10\">2<\/td><td class=\"column-11\">3<\/td><td class=\"column-12\"><\/td><td class=\"column-13\">3<\/td><td class=\"column-14\">3<\/td><td class=\"column-15\"><\/td><td class=\"column-16\">3<\/td><td class=\"column-17\"><\/td><td class=\"column-18\">31<\/td><td class=\"column-19\">4<\/td>\n<\/tr>\n<tr class=\"row-13\">\n\t<td class=\"column-1\">5<\/td><td class=\"column-2\">Dennik<\/td><td class=\"column-3\">7<\/td><td class=\"column-4\">3<\/td><td class=\"column-5\"><\/td><td class=\"column-6\"><\/td><td class=\"column-7\">2<\/td><td class=\"column-8\">8<\/td><td class=\"column-9\"><\/td><td class=\"column-10\"><\/td><td class=\"column-11\"><\/td><td class=\"column-12\"><\/td><td class=\"column-13\"><\/td><td class=\"column-14\"><\/td><td class=\"column-15\"><\/td><td class=\"column-16\">3<\/td><td class=\"column-17\"><\/td><td class=\"column-18\">23<\/td><td class=\"column-19\">5<\/td>\n<\/tr>\n<tr class=\"row-14\">\n\t<td class=\"column-1\">6<\/td><td class=\"column-2\">Joan<\/td><td class=\"column-3\"><\/td><td class=\"column-4\"><\/td><td class=\"column-5\"><\/td><td class=\"column-6\"><\/td><td class=\"column-7\">1<\/td><td class=\"column-8\">1<\/td><td class=\"column-9\"><\/td><td class=\"column-10\"><\/td><td class=\"column-11\"><\/td><td class=\"column-12\"><\/td><td class=\"column-13\"><\/td><td class=\"column-14\"><\/td><td class=\"column-15\"><\/td><td class=\"column-16\"><\/td><td class=\"column-17\"><\/td><td class=\"column-18\">2<\/td><td class=\"column-19\">6<\/td>\n<\/tr>\n<tr class=\"row-15\">\n\t<td class=\"column-1\">7<\/td><td class=\"column-2\">Adrian<\/td><td class=\"column-3\"><\/td><td class=\"column-4\"><\/td><td class=\"column-5\"><\/td><td class=\"column-6\"><\/td><td class=\"column-7\"><\/td><td class=\"column-8\"><\/td><td class=\"column-9\"><\/td><td class=\"column-10\"><\/td><td class=\"column-11\"><\/td><td class=\"column-12\"><\/td><td class=\"column-13\"><\/td><td class=\"column-14\"><\/td><td class=\"column-15\"><\/td><td class=\"column-16\"><\/td><td class=\"column-17\">1<\/td><td class=\"column-18\">1<\/td><td class=\"column-19\">7<\/td>\n<\/tr>\n<tr class=\"row-16\">\n\t<td class=\"column-1\"><\/td><td class=\"column-2\"><\/td><td class=\"column-3\"><\/td><td class=\"column-4\"><\/td><td class=\"column-5\"><\/td><td class=\"column-6\"><\/td><td class=\"column-7\"><\/td><td class=\"column-8\"><\/td><td class=\"column-9\"><\/td><td class=\"column-10\"><\/td><td class=\"column-11\"><\/td><td class=\"column-12\"><\/td><td class=\"column-13\"><\/td><td class=\"column-14\"><\/td><td class=\"column-15\"><\/td><td class=\"column-16\"><\/td><td class=\"column-17\"><\/td><td class=\"column-18\"><\/td><td class=\"column-19\"><\/td>\n<\/tr>\n<tr class=\"row-17\">\n\t<td colspan=\"19\" class=\"column-1\">Ab dieser Saison z\u00e4hlt f\u00fcr die Gesamtwertung nicht mehr der erreichte Platz, sondern die erzielten Punkte werden direkt \u00fcbernommen.<\/td>\n<\/tr>\n<tr class=\"row-18\">\n\t<td class=\"column-1\"><\/td><td class=\"column-2\"><\/td><td class=\"column-3\"><\/td><td class=\"column-4\"><\/td><td class=\"column-5\"><\/td><td class=\"column-6\"><\/td><td class=\"column-7\"><\/td><td class=\"column-8\"><\/td><td class=\"column-9\"><\/td><td class=\"column-10\"><\/td><td class=\"column-11\"><\/td><td class=\"column-12\"><\/td><td class=\"column-13\"><\/td><td class=\"column-14\"><\/td><td class=\"column-15\"><\/td><td class=\"column-16\"><\/td><td class=\"column-17\"><\/td><td class=\"column-18\"><\/td><td class=\"column-19\"><\/td>\n<\/tr>\n<tr class=\"row-19\">\n\t<td colspan=\"19\" class=\"column-1\">Zudem gibt es einen Punkt f\u00fcr die Teilnahme und einen Punkt f\u00fcr den Turniersieg.<\/td>\n<\/tr>\n<\/tbody>\n<\/table>\n<!-- #tablepress-47 from cache --><\/strong><\/p>\n","protected":false},"excerpt":{"rendered":"<p>Saison 14\/15 &#8211; Jahrespunktestand (hier als PDF-Datei)<\/p>\n","protected":false},"author":1,"featured_media":0,"parent":5586,"menu_order":1,"comment_status":"open","ping_status":"open","template":"","meta":{"footnotes":""},"class_list":["post-4612","page","type-page","status-publish","hentry"],"_links":{"self":[{"href":"https:\/\/www.sc-gerthe-46werne.de\/index.php?rest_route=\/wp\/v2\/pages\/4612","targetHints":{"allow":["GET"]}}],"collection":[{"href":"https:\/\/www.sc-gerthe-46werne.de\/index.php?rest_route=\/wp\/v2\/pages"}],"about":[{"href":"https:\/\/www.sc-gerthe-46werne.de\/index.php?rest_route=\/wp\/v2\/types\/page"}],"author":[{"embeddable":true,"href":"https:\/\/www.sc-gerthe-46werne.de\/index.php?rest_route=\/wp\/v2\/users\/1"}],"replies":[{"embeddable":true,"href":"https:\/\/www.sc-gerthe-46werne.de\/index.php?rest_route=%2Fwp%2Fv2%2Fcomments&post=4612"}],"version-history":[{"count":3,"href":"https:\/\/www.sc-gerthe-46werne.de\/index.php?rest_route=\/wp\/v2\/pages\/4612\/revisions"}],"predecessor-version":[{"id":4619,"href":"https:\/\/www.sc-gerthe-46werne.de\/index.php?rest_route=\/wp\/v2\/pages\/4612\/revisions\/4619"}],"up":[{"embeddable":true,"href":"https:\/\/www.sc-gerthe-46werne.de\/index.php?rest_route=\/wp\/v2\/pages\/5586"}],"wp:attachment":[{"href":"https:\/\/www.sc-gerthe-46werne.de\/index.php?rest_route=%2Fwp%2Fv2%2Fmedia&parent=4612"}],"curies":[{"name":"wp","href":"https:\/\/api.w.org\/{rel}","templated":true}]}}